{"id":4,"date":"2016-11-14T09:41:45","date_gmt":"2016-11-14T08:41:45","guid":{"rendered":"http:\/\/hkv.si\/2016\/?page_id=4"},"modified":"2017-11-14T22:42:30","modified_gmt":"2017-11-14T21:42:30","slug":"o-nas","status":"publish","type":"page","link":"http:\/\/hkv.si\/2016\/o-nas\/","title":{"rendered":"O nas"},"content":{"rendered":"[spb_row element_name=&#8221;Row&#8221; wrap_type=&#8221;standard-width&#8221; row_bg_type=&#8221;color&#8221; color_row_height=&#8221;content-height&#8221; bg_type=&#8221;cover&#8221; parallax_image_height=&#8221;content-height&#8221; parallax_image_movement=&#8221;fixed&#8221; parallax_image_speed=&#8221;standard&#8221; bg_video_loop=&#8221;yes&#8221; parallax_video_height=&#8221;window-height&#8221; row_top_style=&#8221;none&#8221; row_bottom_style=&#8221;none&#8221; parallax_video_overlay=&#8221;none&#8221; row_overlay_opacity=&#8221;0&#8243; remove_element_spacing=&#8221;no&#8221; row_col_spacing=&#8221;0&#8243; row_col_pos=&#8221;default&#8221; row_col_equal_heights=&#8221;no&#8221; row_expanding=&#8221;no&#8221; row_animation=&#8221;none&#8221; row_animation_delay=&#8221;0&#8243; minimize_row=&#8221;yes&#8221; simplified_controls=&#8221;no&#8221; custom_css_percentage=&#8221;no&#8221; custom_css=&#8221;margin-top: 0px;margin-bottom: 0px;padding-right: 50px;&#8221; border_styling_global=&#8221;default&#8221; width=&#8221;1\/1&#8243; el_position=&#8221;first last&#8221;] [spb_column col_sm=&#8221;12&#8243; padding_horizontal=&#8221;0&#8243; width=&#8221;1\/1&#8243; el_position=&#8221;first last&#8221;] [spb_text_block animation=&#8221;none&#8221; animation_delay=&#8221;0&#8243; simplified_controls=&#8221;yes&#8221; custom_css_percentage=&#8221;no&#8221; padding_vertical=&#8221;0&#8243; padding_horizontal=&#8221;0&#8243; margin_vertical=&#8221;0&#8243; custom_css=&#8221;margin-top: 0px;margin-bottom: 0px;&#8221; border_size=&#8221;0&#8243; border_styling_global=&#8221;default&#8221; width=&#8221;1\/1&#8243; el_position=&#8221;first last&#8221;]\n<p><span style=\"color: #e84e0e;\"><strong>Za\u010detki<\/strong><\/span><\/p>\n<p>Zgodba o Hokejskem klubu Velenje se je posredno za\u010dela pred mnogimi leti na \u0160kalskem jezeru v Velenju. Kadar so nam zime to omogo\u010dale, smo se lokalni ljubitelji drsanja in hokeja na ledu dobivali na jezeru, ter cele dneve pre\u017eivljali na ledu. Dobivali smo se \u00bbstari in mladi\u00ab iz Velenja, \u0160kal, \u0160o\u0161tanja, Pesja, Florjana, v\u010dasih se nam je pridru\u017eil \u0161e kdo iz bolj oddaljene okolice. Kupili smo si drsalke, nekateri tudi hokejske palice, drugi so si jih preprosto naredili. Na led smo postavili \u0161tiri \u010devlje, ki so predstavljali dva gola in se do teme podili za pakom.<br \/>\nPred petimi leti smo nekako ustvarili okostje hokejskih privr\u017eencev, ki so redno pre\u017eivljali dneve na ledu, vsi smo imeli poleg drsalk in palice tudi osnovne \u0161\u010ditnike za goleni, naredili smo si tudi dva majhna \u017eelezna gola in plug za \u010di\u0161\u010denje ledu. Za\u010deli smo delovati v nekak\u0161nem ekipnem duhu, saj je bilo navadno potrebno na za\u010detku sezone o\u010distiti igralno ploskev, kjer se je ob sne\u017eenju nabralo tudi do meter snega. Delovne akcije, ki so trajale tudi cel dan, smo vzeli kot dru\u017eenje, zabavo in kot nujno predpripravo za ukvarjanje z nam tako ljubo rekreacijo, hokejem na ledu. Ko smo \u00bbzdrsali\u00ab in popolnoma uni\u010dili pripravljen prostor smo na naslednji delovni akciji o\u010distili nov, primerno velik del jezera in nadaljevali z igranjem hokeja. Led na jezeru je v\u010dasih zdr\u017eal do zgodnje pomladi, ko smo se nanj vra\u010dali samo najpogumnej\u0161i, oziroma najbolj neodgovorni.<\/p>\n<p>&nbsp;<\/p>\n<p><strong><span style=\"color: #e84e0e;\">Za\u010detki organiziranosti<\/span><\/strong><\/p>\n<p>Tudi zaradi nevarnosti, ki spremljajo drsanje po naravnih zaledenelih jezerih, smo za\u010deli razmi\u0161ljati o pripravi ledene ploskve na malonogometnem igri\u0161\u010du, saj se te prakse \u017ee vrsto let s pridom poslu\u017eujejo v Florjanu, v\u010dasih pa je led obstajal tudi v Velenju na Konovskem igri\u0161\u010du in \u0161e prej na velenjskem kotalkali\u0161\u010du.<br \/>\nTako smo skupina prijateljev pozimi 2003\/2004, z izdatno pomo\u010djo \u0160portnega dru\u0161tva \u0160kale, \u0160kalskih gasilcev in \u0160ale\u0161kega \u0161tudentskega kluba, uredili ledeno ploskev na igri\u0161\u010du za mali nogomet v \u0160kalah. Zaradi dobrih pogojev, kot je osvetlitev igri\u0161\u010da, hi\u0161ica z vodo ob igri\u0161\u010du in zaradi posluha lokalne skupnosti za \u0161portno \u00bbdogajanje\u00ab, smo tisto leto poleg dva meseca trajajo\u010dih celodnevnih rekreacijskih terminih drsanja za vse generacije in ve\u010dernega hokeja izpeljali tudi Disko na drsalkah, drsalci in spremljevalci pa so se lahko v hi\u0161ici ob igri\u0161\u010du okrep\u010dali z osve\u017eilnimi in toplimi napitki.<\/p>\n<p>&nbsp;<\/p>\n<p><strong><span style=\"color: #e84e0e;\">Ideja in ustanovitev dru\u0161tva<\/span><\/strong><\/p>\n<p>V za\u010detku decembra 2006 je sedanji predsednik Hokejskega kluba Velenje pri\u0161el na dan z idejo o ustanovitvi dru\u0161tva. Sedanjim \u010dlanom \u0161ir\u0161ega upravnega odbora se je ideja zdela dobra, zato smo se je resno lotili, pozanimali smo se, kaj vse je za ustanovitev dru\u0161tva potrebno in pregledali delovanje in organiziranost sorodnih dru\u0161tev. Pripravili smo akte dru\u0161tva in 16. 12. 2006 na ustanovni skup\u0161\u010dini ustanovili Hokejski klub Velenje (HKV), ki je v januarju 2007 z vpisom v Razvid dru\u0161tev tudi uradno postal dru\u0161tvo, ki deluje na podro\u010dju \u0161porta.<br \/>\nOsnovni namen ustanovitve dru\u0161tva je bilo olaj\u0161ano organiziranje rekreacije v Celju, saj je delovanje na klubski ravni bolje sprejeto, borba za donatorska sredstva za nakup opreme in osvetlitev problematike, da Velenje z okolico potrebuje hlajeno ploskev za drsanje v vseh oblikah in igranje hokeja na ledu. Tak\u0161no povr\u0161ino bi s pridom uporabljala \u0161olska mladina, dijaki, odrasli za rekreacijo, primerna bi bila za razne prireditve tako na ledu, kot v toplih mesecih za igranje hokeja na rolerjih in vrsto drugih, predvsem dru\u017eabnih dogodkov (npr. kotalkanje, balin\u010dkanje, kulturni dogodki \u2026). Na dru\u0161tveni ravni je la\u017eje organizirati razne turnirje, izobra\u017eevanja in v prihodnosti tudi s strani HKV organizirane za\u010detne \u0161ole drsanja in hokeja.<\/p>\n<p>&nbsp;<\/p>\n<p><span style=\"color: #e84e0e;\"><strong>Organiziranost dru\u0161tva<\/strong><\/span><\/p>\n<p>Upravni odbor dru\u0161tva sestavlja pet \u010dlanov:<\/p>\n<ul>\n<li>Predsednik (Matja\u017e Novak)<\/li>\n<li>Podpredsednik (Janez Slivar)<\/li>\n<li>Operativni \u010dlani (Nino Gol\u010dman, Ale\u0161 Ocvirk in Mitja Domajnko)<\/li>\n<\/ul>\n<p>&nbsp;<\/p>\n<p>Dru\u0161tvo trenutno zdru\u017euje okrog 56 \u010dlanov iz \u0160ale\u0161ke doline. Starostna zastopanost je zelo pestra, od 15 do 60 let. V letu 2013 smo prevzeli vzdr\u017eevanje Drsali\u0161\u010da Velenje na kotalkali\u0161\u010du, kjer imamo \u010dlani rekreacijo trikrat tedensko. Ve\u010dina \u010dlanov deluje na podro\u010dju rekreacije, ki skozi vse leto poteka v Ledeni dvorani v Celju, izjema sta le julij in avgust. Predvsem mlaj\u0161i \u010dlani se navdu\u0161ujejo tudi nad hokejem na rolerjih.<\/p>\n[\/spb_text_block] [spb_blank_spacer height=&#8221;30px&#8221; width=&#8221;1\/1&#8243; el_position=&#8221;first last&#8221;] [spb_gallery gallery_id=&#8221;172&#8243; display_type=&#8221;masonry&#8221; columns=&#8221;3&#8243; fullwidth=&#8221;no&#8221; gutters=&#8221;yes&#8221; image_size=&#8221;full&#8221; slider_transition=&#8221;slide&#8221; show_thumbs=&#8221;yes&#8221; autoplay=&#8221;yes&#8221; show_captions=&#8221;no&#8221; enable_lightbox=&#8221;yes&#8221; width=&#8221;1\/1&#8243; el_position=&#8221;first last&#8221;] [\/spb_column] [\/spb_row]\n","protected":false},"excerpt":{"rendered":"<p>[spb_row element_name=&#8221;Row&#8221; wrap_type=&#8221;standard-width&#8221; row_bg_type=&#8221;color&#8221; color_row_height=&#8221;content-height&#8221; bg_type=&#8221;cover&#8221; parallax_image_height=&#8221;content-height&#8221; parallax_image_movement=&#8221;fixed&#8221; parallax_image_speed=&#8221;standard&#8221; bg_video_loop=&#8221;yes&#8221; parallax_video_height=&#8221;window-height&#8221; row_top_style=&#8221;none&#8221; row_bottom_style=&#8221;none&#8221; parallax_video_overlay=&#8221;none&#8221; row_overlay_opacity=&#8221;0&#8243; remove_element_spacing=&#8221;no&#8221; row_col_spacing=&#8221;0&#8243; row_col_pos=&#8221;default&#8221; row_col_equal_heights=&#8221;no&#8221; row_expanding=&#8221;no&#8221; row_animation=&#8221;none&#8221; row_animation_delay=&#8221;0&#8243; minimize_row=&#8221;yes&#8221; simplified_controls=&#8221;no&#8221; custom_css_percentage=&#8221;no&#8221; custom_css=&#8221;margin-top: 0px;margin-bottom: 0px;padding-right: 50px;&#8221; border_styling_global=&#8221;default&#8221; width=&#8221;1\/1&#8243; el_position=&#8221;first last&#8221;] [spb_column col_sm=&#8221;12&#8243; padding_horizontal=&#8221;0&#8243; width=&#8221;1\/1&#8243; el_position=&#8221;first last&#8221;] [spb_text_block animation=&#8221;none&#8221; animation_delay=&#8221;0&#8243; simplified_controls=&#8221;yes&#8221; custom_css_percentage=&#8221;no&#8221; padding_vertical=&#8221;0&#8243; padding_horizontal=&#8221;0&#8243; margin_vertical=&#8221;0&#8243; custom_css=&#8221;margin-top: 0px;margin-bottom: 0px;&#8221; border_size=&#8221;0&#8243; border_styling_global=&#8221;default&#8221; width=&#8221;1\/1&#8243; el_position=&#8221;first last&#8221;] Za\u010detki Zgodba o Hokejskem klubu [&hellip;]<\/p>\n","protected":false},"author":2,"featured_media":0,"parent":0,"menu_order":0,"comment_status":"closed","ping_status":"closed","template":"","meta":[],"_links":{"self":[{"href":"http:\/\/hkv.si\/2016\/wp-json\/wp\/v2\/pages\/4"}],"collection":[{"href":"http:\/\/hkv.si\/2016\/wp-json\/wp\/v2\/pages"}],"about":[{"href":"http:\/\/hkv.si\/2016\/wp-json\/wp\/v2\/types\/page"}],"author":[{"embeddable":true,"href":"http:\/\/hkv.si\/2016\/wp-json\/wp\/v2\/users\/2"}],"replies":[{"embeddable":true,"href":"http:\/\/hkv.si\/2016\/wp-json\/wp\/v2\/comments?post=4"}],"version-history":[{"count":10,"href":"http:\/\/hkv.si\/2016\/wp-json\/wp\/v2\/pages\/4\/revisions"}],"predecessor-version":[{"id":427,"href":"http:\/\/hkv.si\/2016\/wp-json\/wp\/v2\/pages\/4\/revisions\/427"}],"wp:attachment":[{"href":"http:\/\/hkv.si\/2016\/wp-json\/wp\/v2\/media?parent=4"}],"curies":[{"name":"wp","href":"https:\/\/api.w.org\/{rel}","templated":true}]}}